{"id":14,"date":"2019-02-19T16:07:07","date_gmt":"2019-02-19T16:07:07","guid":{"rendered":"https:\/\/msm.visitesposende.com\/?page_id=14"},"modified":"2020-03-18T15:03:28","modified_gmt":"2020-03-18T15:03:28","slug":"homepage","status":"publish","type":"page","link":"https:\/\/msm.visitesposende.com\/2020\/","title":{"rendered":"Homepage"},"content":{"rendered":"\t\t<div data-elementor-type=\"post\" data-elementor-id=\"14\" class=\"elementor elementor-14\" data-elementor-settings=\"[]\">\n\t\t\t<div class=\"elementor-inner\">\n\t\t\t\t<div class=\"elementor-section-wrap\">\n\t\t\t\t\t\t\t<section data-id=\"52b3ed5\" class=\"elementor-element elementor-element-52b3ed5 elementor-section-stretched elementor-section-boxed elementor-section-height-default elementor-section-height-default elementor-section elementor-top-section\" data-settings=\"{&quot;stretch_section&quot;:&quot;section-stretched&quot;,&quot;background_background&quot;:&quot;classic&quot;}\" data-element_type=\"section\">\n\t\t\t\t\t\t<div class=\"elementor-container elementor-column-gap-default\">\n\t\t\t\t<div class=\"elementor-row\">\n\t\t\t\t<div data-id=\"8bc58b8\" class=\"elementor-element elementor-element-8bc58b8 elementor-column elementor-col-100 elementor-top-column\" data-element_type=\"column\">\n\t\t\t<div class=\"elementor-column-wrap  elementor-element-populated\">\n\t\t\t\t\t<div class=\"elementor-widget-wrap\">\n\t\t\t\t<div data-id=\"a19c75a\" class=\"elementor-element elementor-element-a19c75a elementor-widget elementor-widget-spacer\" data-element_type=\"spacer.default\">\n\t\t\t\t<div class=\"elementor-widget-container\">\n\t\t\t\t\t<div class=\"elementor-spacer\">\n\t\t\t<div class=\"elementor-spacer-inner\"><\/div>\n\t\t<\/div>\n\t\t\t\t<\/div>\n\t\t\t\t<\/div>\n\t\t\t\t\t\t<\/div>\n\t\t\t<\/div>\n\t\t<\/div>\n\t\t\t\t\t\t<\/div>\n\t\t\t<\/div>\n\t\t<\/section>\n\t\t\t\t<section data-id=\"e47f8eb\" class=\"elementor-element elementor-element-e47f8eb elementor-section-stretched elementor-section-full_width elementor-section-height-default elementor-section-height-default elementor-section elementor-top-section\" data-settings=\"{&quot;stretch_section&quot;:&quot;section-stretched&quot;,&quot;background_background&quot;:&quot;classic&quot;}\" data-element_type=\"section\">\n\t\t\t\t\t\t<div class=\"elementor-container elementor-column-gap-no\">\n\t\t\t\t<div class=\"elementor-row\">\n\t\t\t\t<div data-id=\"32a6011\" class=\"elementor-element elementor-element-32a6011 elementor-column elementor-col-100 elementor-top-column\" data-element_type=\"column\">\n\t\t\t<div class=\"elementor-column-wrap  elementor-element-populated\">\n\t\t\t\t\t<div class=\"elementor-widget-wrap\">\n\t\t\t\t<div data-id=\"b53388c\" class=\"elementor-element elementor-element-b53388c elementor-aspect-ratio-169 elementor-widget elementor-widget-video\" data-settings=\"{&quot;aspect_ratio&quot;:&quot;169&quot;}\" data-element_type=\"video.default\">\n\t\t\t\t<div class=\"elementor-widget-container\">\n\t\t\t\t\t<div class=\"elementor-wrapper elementor-fit-aspect-ratio elementor-open-inline\">\n\t\t\t<iframe class=\"elementor-video-iframe\" allowfullscreen src=\"https:\/\/player.vimeo.com\/video\/393419342?autoplay=1&amp;color&amp;autopause=0&amp;loop=1&amp;muted=1&amp;title=0&amp;portrait=0&amp;byline=0#t=\"><\/iframe>\t\t<\/div>\n\t\t\t\t<\/div>\n\t\t\t\t<\/div>\n\t\t\t\t\t\t<\/div>\n\t\t\t<\/div>\n\t\t<\/div>\n\t\t\t\t\t\t<\/div>\n\t\t\t<\/div>\n\t\t<\/section>\n\t\t\t\t<section data-id=\"6d86bd97\" class=\"elementor-element elementor-element-6d86bd97 elementor-section-stretched elementor-section-boxed elementor-section-height-default elementor-section-height-default elementor-section elementor-top-section\" data-settings=\"{&quot;stretch_section&quot;:&quot;section-stretched&quot;,&quot;background_background&quot;:&quot;classic&quot;}\" data-element_type=\"section\">\n\t\t\t\t\t\t<div class=\"elementor-container elementor-column-gap-default\">\n\t\t\t\t<div class=\"elementor-row\">\n\t\t\t\t<div data-id=\"3d77f822\" class=\"elementor-element elementor-element-3d77f822 elementor-column elementor-col-100 elementor-top-column\" data-element_type=\"column\">\n\t\t\t<div class=\"elementor-column-wrap  elementor-element-populated\">\n\t\t\t\t\t<div class=\"elementor-widget-wrap\">\n\t\t\t\t<div data-id=\"3b5ae10c\" class=\"elementor-element elementor-element-3b5ae10c elementor-widget elementor-widget-heading\" data-element_type=\"heading.default\">\n\t\t\t\t<div class=\"elementor-widget-container\">\n\t\t\t<h1 class=\"elementor-heading-title elementor-size-default\">Um evento gastron\u00f3mico, complementado com um vasto programa de anima\u00e7\u00e3o.<\/h1>\t\t<\/div>\n\t\t\t\t<\/div>\n\t\t\t\t<section data-id=\"25fe3dd6\" class=\"elementor-element elementor-element-25fe3dd6 elementor-section-boxed elementor-section-height-default elementor-section-height-default elementor-section elementor-inner-section\" data-element_type=\"section\">\n\t\t\t\t\t\t<div class=\"elementor-container elementor-column-gap-default\">\n\t\t\t\t<div class=\"elementor-row\">\n\t\t\t\t<div data-id=\"79a93a80\" class=\"elementor-element elementor-element-79a93a80 elementor-column elementor-col-50 elementor-inner-column\" data-element_type=\"column\">\n\t\t\t<div class=\"elementor-column-wrap  elementor-element-populated\">\n\t\t\t\t\t<div class=\"elementor-widget-wrap\">\n\t\t\t\t<div data-id=\"3cee5e27\" class=\"elementor-element elementor-element-3cee5e27 elementor-widget elementor-widget-text-editor\" data-element_type=\"text-editor.default\">\n\t\t\t\t<div class=\"elementor-widget-container\">\n\t\t\t\t\t<div class=\"elementor-text-editor elementor-clearfix\"><p>O final do primeiro trimestre \u00e9 anualmente celebrado com uma palete de novos sabores oriundos da confe\u00e7\u00e3o de peixes e mariscos do mar e rios de Esposende. Acontece assim desde h\u00e1 muito tempo, em mar\u00e7o, um m\u00eas dedicado \u00e0 arte e mestria dos chefs de cozinha das unidades de restaura\u00e7\u00e3o locais, que redescobrem novos palatos em pratos de antanho, com um novo toque de contemporaneidade. As unidades de restaura\u00e7\u00e3o engalanam-se para receber os comensais, \u00e1vidos em degustar novas ofertas, pois interiorizaram j\u00e1 este evento no seu calend\u00e1rio gastron\u00f3mico como um espa\u00e7o quase sagrado de romagem aos restaurantes da beira-mar.<\/p><\/div>\n\t\t\t\t<\/div>\n\t\t\t\t<\/div>\n\t\t\t\t\t\t<\/div>\n\t\t\t<\/div>\n\t\t<\/div>\n\t\t\t\t<div data-id=\"76e7956b\" class=\"elementor-element elementor-element-76e7956b elementor-column elementor-col-50 elementor-inner-column\" data-element_type=\"column\">\n\t\t\t<div class=\"elementor-column-wrap  elementor-element-populated\">\n\t\t\t\t\t<div class=\"elementor-widget-wrap\">\n\t\t\t\t<div data-id=\"3971a9a7\" class=\"elementor-element elementor-element-3971a9a7 elementor-widget elementor-widget-text-editor\" data-element_type=\"text-editor.default\">\n\t\t\t\t<div class=\"elementor-widget-container\">\n\t\t\t\t\t<div class=\"elementor-text-editor elementor-clearfix\"><p>Nesta Terra de Mar, a arte de cozinhar \u00e9 esmerada por todos, pois a Gastronomia e Vinhos \u00e9 reconhecida como uma das principais motiva\u00e7\u00f5es que levam os turistas a este destino de excel\u00eancia. Ao folhear o card\u00e1pio apresentado anualmente, notar\u00e1 certamente pratos mais \u201catrevidos\u201d e outros mais costumeiros. \u00c9 um feliz casamento entre a tradi\u00e7\u00e3o e a inova\u00e7\u00e3o.<\/p><p><b>Fique assim a conhecer todos os pratos a concurso, confecionados pelos restaurantes de Esposende numa celebra\u00e7\u00e3o dos sabores oriundos da confe\u00e7\u00e3o de peixes e mariscos.<\/b><\/p><\/div>\n\t\t\t\t<\/div>\n\t\t\t\t<\/div>\n\t\t\t\t\t\t<\/div>\n\t\t\t<\/div>\n\t\t<\/div>\n\t\t\t\t\t\t<\/div>\n\t\t\t<\/div>\n\t\t<\/section>\n\t\t\t\t<div data-id=\"9f17c7f\" class=\"elementor-element elementor-element-9f17c7f elementor-mobile-align-center elementor-widget elementor-widget-button\" data-element_type=\"button.default\">\n\t\t\t\t<div class=\"elementor-widget-container\">\n\t\t\t\t\t<div class=\"elementor-button-wrapper\">\n\t\t\t<a href=\"https:\/\/msm.visitesposende.com\/concurso-gastronomico\/\" class=\"elementor-button-link elementor-button elementor-size-sm\" role=\"button\">\n\t\t\t\t\t\t<span class=\"elementor-button-content-wrapper\">\n\t\t\t\t\t\t<span class=\"elementor-button-text\">Pratos a concurso<\/span>\n\t\t<\/span>\n\t\t\t\t\t<\/a>\n\t\t<\/div>\n\t\t\t\t<\/div>\n\t\t\t\t<\/div>\n\t\t\t\t\t\t<\/div>\n\t\t\t<\/div>\n\t\t<\/div>\n\t\t\t\t\t\t<\/div>\n\t\t\t<\/div>\n\t\t<\/section>\n\t\t\t\t<section data-id=\"4bef9e6\" class=\"elementor-element elementor-element-4bef9e6 elementor-section-stretched elementor-hidden-desktop elementor-hidden-tablet elementor-hidden-phone elementor-section-boxed elementor-section-height-default elementor-section-height-default elementor-section elementor-top-section\" data-settings=\"{&quot;stretch_section&quot;:&quot;section-stretched&quot;,&quot;background_background&quot;:&quot;classic&quot;}\" data-element_type=\"section\">\n\t\t\t\t\t\t<div class=\"elementor-container elementor-column-gap-default\">\n\t\t\t\t<div class=\"elementor-row\">\n\t\t\t\t<div data-id=\"7d13665\" class=\"elementor-element elementor-element-7d13665 elementor-column elementor-col-50 elementor-top-column\" data-element_type=\"column\">\n\t\t\t<div class=\"elementor-column-wrap  elementor-element-populated\">\n\t\t\t\t\t<div class=\"elementor-widget-wrap\">\n\t\t\t\t<div data-id=\"f522e65\" class=\"elementor-element elementor-element-f522e65 elementor-widget elementor-widget-heading\" data-element_type=\"heading.default\">\n\t\t\t\t<div class=\"elementor-widget-container\">\n\t\t\t<h1 class=\"elementor-heading-title elementor-size-default\">Concurso Gastron\u00f3mico\n\u201cPeixe com Todos\"<\/h1>\t\t<\/div>\n\t\t\t\t<\/div>\n\t\t\t\t<div data-id=\"777be2a\" class=\"elementor-element elementor-element-777be2a elementor-widget elementor-widget-text-editor\" data-element_type=\"text-editor.default\">\n\t\t\t\t<div class=\"elementor-widget-container\">\n\t\t\t\t\t<div class=\"elementor-text-editor elementor-clearfix\"><p>Est\u00e1 prestes a come\u00e7ar um dos momentos mais inspiradores da iniciativa \u201cMar\u00e7o com Sabores do Mar\u201d!<\/p><p>Organizado pela C\u00e2mara Municipal de Esposende, o Concurso Gastron\u00f3mico \u201cPeixe com Todos\u201d destina-se a particulares, residentes no concelho de Esposende, que n\u00e3o possuam estabelecimentos de restaura\u00e7\u00e3o ou similares.<\/p><p><strong>Venham, deem asas \u00e0 criatividade e divirtam-se!<\/strong><\/p><\/div>\n\t\t\t\t<\/div>\n\t\t\t\t<\/div>\n\t\t\t\t<div data-id=\"b149b82\" class=\"elementor-element elementor-element-b149b82 elementor-mobile-align-center elementor-widget elementor-widget-button\" data-element_type=\"button.default\">\n\t\t\t\t<div class=\"elementor-widget-container\">\n\t\t\t\t\t<div class=\"elementor-button-wrapper\">\n\t\t\t<a href=\"https:\/\/msm.visitesposende.com\/concurso-peixe-com-todos\/\" class=\"elementor-button-link elementor-button elementor-size-sm\" role=\"button\">\n\t\t\t\t\t\t<span class=\"elementor-button-content-wrapper\">\n\t\t\t\t\t\t<span class=\"elementor-button-text\">Quero inscrever-me<\/span>\n\t\t<\/span>\n\t\t\t\t\t<\/a>\n\t\t<\/div>\n\t\t\t\t<\/div>\n\t\t\t\t<\/div>\n\t\t\t\t\t\t<\/div>\n\t\t\t<\/div>\n\t\t<\/div>\n\t\t\t\t<div data-id=\"97282d9\" class=\"elementor-element elementor-element-97282d9 elementor-column elementor-col-50 elementor-top-column\" data-element_type=\"column\">\n\t\t\t<div class=\"elementor-column-wrap\">\n\t\t\t\t\t<div class=\"elementor-widget-wrap\">\n\t\t\t\t\t\t<\/div>\n\t\t\t<\/div>\n\t\t<\/div>\n\t\t\t\t\t\t<\/div>\n\t\t\t<\/div>\n\t\t<\/section>\n\t\t\t\t<section data-id=\"1452f94\" class=\"elementor-element elementor-element-1452f94 elementor-section-stretched elementor-section-boxed elementor-section-height-default elementor-section-height-default elementor-section elementor-top-section\" data-settings=\"{&quot;stretch_section&quot;:&quot;section-stretched&quot;,&quot;background_background&quot;:&quot;classic&quot;}\" data-element_type=\"section\">\n\t\t\t\t\t\t<div class=\"elementor-container elementor-column-gap-default\">\n\t\t\t\t<div class=\"elementor-row\">\n\t\t\t\t<div data-id=\"56c0566\" class=\"elementor-element elementor-element-56c0566 elementor-column elementor-col-100 elementor-top-column\" data-element_type=\"column\">\n\t\t\t<div class=\"elementor-column-wrap  elementor-element-populated\">\n\t\t\t\t\t<div class=\"elementor-widget-wrap\">\n\t\t\t\t<div data-id=\"f88bb57\" class=\"elementor-element elementor-element-f88bb57 elementor-widget elementor-widget-heading\" data-element_type=\"heading.default\">\n\t\t\t\t<div class=\"elementor-widget-container\">\n\t\t\t<h2 class=\"elementor-heading-title elementor-size-default\">A pureza e a tradi\u00e7\u00e3o da nossa cozinha e a cont\u00ednua afirma\u00e7\u00e3o da gastronomia como patrim\u00f3nio cultural concelhio, requerem um regresso \u00e0s origens e \u00e0 pureza dos produtos alimentares end\u00f3genos que caracterizam a nossa dieta atl\u00e2ntica. <\/h2>\t\t<\/div>\n\t\t\t\t<\/div>\n\t\t\t\t\t\t<\/div>\n\t\t\t<\/div>\n\t\t<\/div>\n\t\t\t\t\t\t<\/div>\n\t\t\t<\/div>\n\t\t<\/section>\n\t\t\t\t<section data-id=\"1025f12\" class=\"elementor-element elementor-element-1025f12 elementor-section-full_width elementor-section-height-default elementor-section-height-default elementor-section elementor-top-section\" data-settings=\"{&quot;background_background&quot;:&quot;classic&quot;}\" data-element_type=\"section\">\n\t\t\t\t\t\t<div class=\"elementor-container elementor-column-gap-extended\">\n\t\t\t\t<div class=\"elementor-row\">\n\t\t\t\t<div data-id=\"893704d\" class=\"elementor-element elementor-element-893704d elementor-column elementor-col-25 elementor-top-column\" data-element_type=\"column\">\n\t\t\t<div class=\"elementor-column-wrap  elementor-element-populated\">\n\t\t\t\t\t<div class=\"elementor-widget-wrap\">\n\t\t\t\t<div data-id=\"f0a8132\" class=\"elementor-element elementor-element-f0a8132 elementor-widget elementor-widget-image\" data-element_type=\"image.default\">\n\t\t\t\t<div class=\"elementor-widget-container\">\n\t\t\t\t\t<div class=\"elementor-image\">\n\t\t\t\t\t\t\t\t\t\t<img loading=\"lazy\" decoding=\"async\" width=\"600\" height=\"600\" src=\"https:\/\/msm.visitesposende.com\/2020\/wp-content\/uploads\/2020\/02\/restaurantes.jpg\" class=\"attachment-large size-large\" alt=\"\" srcset=\"https:\/\/msm.visitesposende.com\/2020\/wp-content\/uploads\/2020\/02\/restaurantes.jpg 600w, https:\/\/msm.visitesposende.com\/2020\/wp-content\/uploads\/2020\/02\/restaurantes-150x150.jpg 150w, https:\/\/msm.visitesposende.com\/2020\/wp-content\/uploads\/2020\/02\/restaurantes-300x300.jpg 300w\" sizes=\"(max-width: 600px) 85vw, 600px\" \/>\t\t\t\t\t\t\t\t\t\t\t<\/div>\n\t\t\t\t<\/div>\n\t\t\t\t<\/div>\n\t\t\t\t<div data-id=\"ac335ec\" class=\"elementor-element elementor-element-ac335ec elementor-widget elementor-widget-heading\" data-element_type=\"heading.default\">\n\t\t\t\t<div class=\"elementor-widget-container\">\n\t\t\t<h2 class=\"elementor-heading-title elementor-size-default\">Restaurantes<\/h2>\t\t<\/div>\n\t\t\t\t<\/div>\n\t\t\t\t<div data-id=\"406bbae\" class=\"elementor-element elementor-element-406bbae elementor-align-left elementor-mobile-align-center elementor-widget elementor-widget-button\" data-element_type=\"button.default\">\n\t\t\t\t<div class=\"elementor-widget-container\">\n\t\t\t\t\t<div class=\"elementor-button-wrapper\">\n\t\t\t<a href=\"https:\/\/msm.visitesposende.com\/restaurantes\/\" class=\"elementor-button-link elementor-button elementor-size-md\" role=\"button\">\n\t\t\t\t\t\t<span class=\"elementor-button-content-wrapper\">\n\t\t\t\t\t\t<span class=\"elementor-button-icon elementor-align-icon-left\">\n\t\t\t\t<i class=\"fa fa-angle-right\" aria-hidden=\"true\"><\/i>\n\t\t\t<\/span>\n\t\t\t\t\t\t<span class=\"elementor-button-text\">Saber mais<\/span>\n\t\t<\/span>\n\t\t\t\t\t<\/a>\n\t\t<\/div>\n\t\t\t\t<\/div>\n\t\t\t\t<\/div>\n\t\t\t\t\t\t<\/div>\n\t\t\t<\/div>\n\t\t<\/div>\n\t\t\t\t<div data-id=\"0372f29\" class=\"elementor-element elementor-element-0372f29 elementor-column elementor-col-25 elementor-top-column\" data-element_type=\"column\">\n\t\t\t<div class=\"elementor-column-wrap  elementor-element-populated\">\n\t\t\t\t\t<div class=\"elementor-widget-wrap\">\n\t\t\t\t<div data-id=\"aea8ac4\" class=\"elementor-element elementor-element-aea8ac4 elementor-widget elementor-widget-image\" data-element_type=\"image.default\">\n\t\t\t\t<div class=\"elementor-widget-container\">\n\t\t\t\t\t<div class=\"elementor-image\">\n\t\t\t\t\t\t\t\t\t\t<img loading=\"lazy\" decoding=\"async\" width=\"600\" height=\"600\" src=\"https:\/\/msm.visitesposende.com\/2020\/wp-content\/uploads\/2020\/02\/pastelarias.jpg\" class=\"attachment-large size-large\" alt=\"\" srcset=\"https:\/\/msm.visitesposende.com\/2020\/wp-content\/uploads\/2020\/02\/pastelarias.jpg 600w, https:\/\/msm.visitesposende.com\/2020\/wp-content\/uploads\/2020\/02\/pastelarias-150x150.jpg 150w, https:\/\/msm.visitesposende.com\/2020\/wp-content\/uploads\/2020\/02\/pastelarias-300x300.jpg 300w\" sizes=\"(max-width: 600px) 85vw, 600px\" \/>\t\t\t\t\t\t\t\t\t\t\t<\/div>\n\t\t\t\t<\/div>\n\t\t\t\t<\/div>\n\t\t\t\t<div data-id=\"3330093\" class=\"elementor-element elementor-element-3330093 elementor-widget elementor-widget-heading\" data-element_type=\"heading.default\">\n\t\t\t\t<div class=\"elementor-widget-container\">\n\t\t\t<h2 class=\"elementor-heading-title elementor-size-default\">Pastelarias<\/h2>\t\t<\/div>\n\t\t\t\t<\/div>\n\t\t\t\t<div data-id=\"2ab9e63\" class=\"elementor-element elementor-element-2ab9e63 elementor-align-left elementor-mobile-align-center elementor-widget elementor-widget-button\" data-element_type=\"button.default\">\n\t\t\t\t<div class=\"elementor-widget-container\">\n\t\t\t\t\t<div class=\"elementor-button-wrapper\">\n\t\t\t<a href=\"https:\/\/msm.visitesposende.com\/pastelarias-e-laticinios\/\" class=\"elementor-button-link elementor-button elementor-size-md\" role=\"button\">\n\t\t\t\t\t\t<span class=\"elementor-button-content-wrapper\">\n\t\t\t\t\t\t<span class=\"elementor-button-icon elementor-align-icon-left\">\n\t\t\t\t<i class=\"fa fa-angle-right\" aria-hidden=\"true\"><\/i>\n\t\t\t<\/span>\n\t\t\t\t\t\t<span class=\"elementor-button-text\">Saber mais<\/span>\n\t\t<\/span>\n\t\t\t\t\t<\/a>\n\t\t<\/div>\n\t\t\t\t<\/div>\n\t\t\t\t<\/div>\n\t\t\t\t\t\t<\/div>\n\t\t\t<\/div>\n\t\t<\/div>\n\t\t\t\t<div data-id=\"0408af8\" class=\"elementor-element elementor-element-0408af8 elementor-column elementor-col-25 elementor-top-column\" data-element_type=\"column\">\n\t\t\t<div class=\"elementor-column-wrap  elementor-element-populated\">\n\t\t\t\t\t<div class=\"elementor-widget-wrap\">\n\t\t\t\t<div data-id=\"155fbc7\" class=\"elementor-element elementor-element-155fbc7 elementor-widget elementor-widget-image\" data-element_type=\"image.default\">\n\t\t\t\t<div class=\"elementor-widget-container\">\n\t\t\t\t\t<div class=\"elementor-image\">\n\t\t\t\t\t\t\t\t\t\t<img loading=\"lazy\" decoding=\"async\" width=\"600\" height=\"600\" src=\"https:\/\/msm.visitesposende.com\/2020\/wp-content\/uploads\/2020\/02\/vinhos-1.jpg\" class=\"attachment-large size-large\" alt=\"\" srcset=\"https:\/\/msm.visitesposende.com\/2020\/wp-content\/uploads\/2020\/02\/vinhos-1.jpg 600w, https:\/\/msm.visitesposende.com\/2020\/wp-content\/uploads\/2020\/02\/vinhos-1-150x150.jpg 150w, https:\/\/msm.visitesposende.com\/2020\/wp-content\/uploads\/2020\/02\/vinhos-1-300x300.jpg 300w\" sizes=\"(max-width: 600px) 85vw, 600px\" \/>\t\t\t\t\t\t\t\t\t\t\t<\/div>\n\t\t\t\t<\/div>\n\t\t\t\t<\/div>\n\t\t\t\t<div data-id=\"bfac6f5\" class=\"elementor-element elementor-element-bfac6f5 elementor-widget elementor-widget-heading\" data-element_type=\"heading.default\">\n\t\t\t\t<div class=\"elementor-widget-container\">\n\t\t\t<h2 class=\"elementor-heading-title elementor-size-default\">Vinhos e outros<\/h2>\t\t<\/div>\n\t\t\t\t<\/div>\n\t\t\t\t<div data-id=\"e61bff2\" class=\"elementor-element elementor-element-e61bff2 elementor-align-left elementor-mobile-align-center elementor-widget elementor-widget-button\" data-element_type=\"button.default\">\n\t\t\t\t<div class=\"elementor-widget-container\">\n\t\t\t\t\t<div class=\"elementor-button-wrapper\">\n\t\t\t<a href=\"https:\/\/msm.visitesposende.com\/vinhos-cervejas-licores\/\" class=\"elementor-button-link elementor-button elementor-size-md\" role=\"button\">\n\t\t\t\t\t\t<span class=\"elementor-button-content-wrapper\">\n\t\t\t\t\t\t<span class=\"elementor-button-icon elementor-align-icon-left\">\n\t\t\t\t<i class=\"fa fa-angle-right\" aria-hidden=\"true\"><\/i>\n\t\t\t<\/span>\n\t\t\t\t\t\t<span class=\"elementor-button-text\">Saber mais<\/span>\n\t\t<\/span>\n\t\t\t\t\t<\/a>\n\t\t<\/div>\n\t\t\t\t<\/div>\n\t\t\t\t<\/div>\n\t\t\t\t\t\t<\/div>\n\t\t\t<\/div>\n\t\t<\/div>\n\t\t\t\t<div data-id=\"f89c8c7\" class=\"elementor-element elementor-element-f89c8c7 elementor-column elementor-col-25 elementor-top-column\" data-element_type=\"column\">\n\t\t\t<div class=\"elementor-column-wrap  elementor-element-populated\">\n\t\t\t\t\t<div class=\"elementor-widget-wrap\">\n\t\t\t\t<div data-id=\"9e65fbc\" class=\"elementor-element elementor-element-9e65fbc elementor-widget elementor-widget-image\" data-element_type=\"image.default\">\n\t\t\t\t<div class=\"elementor-widget-container\">\n\t\t\t\t\t<div class=\"elementor-image\">\n\t\t\t\t\t\t\t\t\t\t<img loading=\"lazy\" decoding=\"async\" width=\"600\" height=\"600\" src=\"https:\/\/msm.visitesposende.com\/2020\/wp-content\/uploads\/2020\/02\/Programa.jpg\" class=\"attachment-large size-large\" alt=\"\" srcset=\"https:\/\/msm.visitesposende.com\/2020\/wp-content\/uploads\/2020\/02\/Programa.jpg 600w, https:\/\/msm.visitesposende.com\/2020\/wp-content\/uploads\/2020\/02\/Programa-150x150.jpg 150w, https:\/\/msm.visitesposende.com\/2020\/wp-content\/uploads\/2020\/02\/Programa-300x300.jpg 300w\" sizes=\"(max-width: 600px) 85vw, 600px\" \/>\t\t\t\t\t\t\t\t\t\t\t<\/div>\n\t\t\t\t<\/div>\n\t\t\t\t<\/div>\n\t\t\t\t<div data-id=\"7754242\" class=\"elementor-element elementor-element-7754242 elementor-widget elementor-widget-heading\" data-element_type=\"heading.default\">\n\t\t\t\t<div class=\"elementor-widget-container\">\n\t\t\t<h2 class=\"elementor-heading-title elementor-size-default\">Programa\u00e7\u00e3o<\/h2>\t\t<\/div>\n\t\t\t\t<\/div>\n\t\t\t\t<div data-id=\"02cdb49\" class=\"elementor-element elementor-element-02cdb49 elementor-align-left elementor-mobile-align-center elementor-widget elementor-widget-button\" data-element_type=\"button.default\">\n\t\t\t\t<div class=\"elementor-widget-container\">\n\t\t\t\t\t<div class=\"elementor-button-wrapper\">\n\t\t\t<a href=\"https:\/\/msm.visitesposende.com\/programacao\/\" class=\"elementor-button-link elementor-button elementor-size-md\" role=\"button\">\n\t\t\t\t\t\t<span class=\"elementor-button-content-wrapper\">\n\t\t\t\t\t\t<span class=\"elementor-button-icon elementor-align-icon-left\">\n\t\t\t\t<i class=\"fa fa-angle-right\" aria-hidden=\"true\"><\/i>\n\t\t\t<\/span>\n\t\t\t\t\t\t<span class=\"elementor-button-text\">Saber mais<\/span>\n\t\t<\/span>\n\t\t\t\t\t<\/a>\n\t\t<\/div>\n\t\t\t\t<\/div>\n\t\t\t\t<\/div>\n\t\t\t\t\t\t<\/div>\n\t\t\t<\/div>\n\t\t<\/div>\n\t\t\t\t\t\t<\/div>\n\t\t\t<\/div>\n\t\t<\/section>\n\t\t\t\t\t\t<\/div>\n\t\t\t<\/div>\n\t\t<\/div>\n\t\t","protected":false},"excerpt":{"rendered":"<p>Um evento gastron\u00f3mico, complementado com um vasto programa de anima\u00e7\u00e3o. O final do primeiro trimestre \u00e9 anualmente celebrado com uma palete de novos sabores oriundos da confe\u00e7\u00e3o de peixes e mariscos do mar e rios de Esposende. Acontece assim desde h\u00e1 muito tempo, em mar\u00e7o, um m\u00eas dedicado \u00e0 arte e mestria dos chefs de &hellip; <a href=\"https:\/\/msm.visitesposende.com\/2020\/\" class=\"more-link\">Continuar a ler<span class=\"screen-reader-text\"> &#8220;Homepage&#8221;<\/span><\/a><\/p>\n","protected":false},"author":1,"featured_media":0,"parent":0,"menu_order":0,"comment_status":"closed","ping_status":"closed","template":"elementor_header_footer","meta":{"footnotes":""},"_links":{"self":[{"href":"https:\/\/msm.visitesposende.com\/2020\/wp-json\/wp\/v2\/pages\/14"}],"collection":[{"href":"https:\/\/msm.visitesposende.com\/2020\/wp-json\/wp\/v2\/pages"}],"about":[{"href":"https:\/\/msm.visitesposende.com\/2020\/wp-json\/wp\/v2\/types\/page"}],"author":[{"embeddable":true,"href":"https:\/\/msm.visitesposende.com\/2020\/wp-json\/wp\/v2\/users\/1"}],"replies":[{"embeddable":true,"href":"https:\/\/msm.visitesposende.com\/2020\/wp-json\/wp\/v2\/comments?post=14"}],"version-history":[{"count":0,"href":"https:\/\/msm.visitesposende.com\/2020\/wp-json\/wp\/v2\/pages\/14\/revisions"}],"wp:attachment":[{"href":"https:\/\/msm.visitesposende.com\/2020\/wp-json\/wp\/v2\/media?parent=14"}],"curies":[{"name":"wp","href":"https:\/\/api.w.org\/{rel}","templated":true}]}}